{"id":596,"date":"2025-09-22T23:06:49","date_gmt":"2025-09-22T22:06:49","guid":{"rendered":"https:\/\/duomoroomcomacchio.it\/?page_id=596"},"modified":"2025-10-13T21:12:56","modified_gmt":"2025-10-13T20:12:56","slug":"la-struttura","status":"publish","type":"page","link":"https:\/\/duomoroomcomacchio.it\/it\/la-struttura\/","title":{"rendered":"La struttura"},"content":{"rendered":"<div class=\"wpb-content-wrapper\"><p>[vc_row][vc_column width=&#8221;1\/6&#8243;][\/vc_column][vc_column width=&#8221;2\/3&#8243;][vc_column_text css=&#8221;&#8221;]La Chiesa di San Nicol\u00f2 a Comacchio: storia e trasformazioni<\/p>\n<p>Le radici della confraternita intitolata a San Nicol\u00f2 si collocano nella seconda met\u00e0 del Quattrocento, in un periodo in cui Comacchio, citt\u00e0 di acque e di scambi, viveva una fase di fervore religioso e sociale. \u00c8 probabile che la confraternita fosse inizialmente legata a un piccolo oratorio situato nei pressi del porto di Magnavacca, punto di passaggio strategico per mercanti e viaggiatori. Ben presto, per\u00f2, l\u2019associazione sent\u00ec la necessit\u00e0 di avere una presenza stabile anche all\u2019interno del centro urbano, dando cos\u00ec origine a una chiesa dedicata al santo.<\/p>\n<p>La missione della confraternita era fortemente orientata alla carit\u00e0 e alla solidariet\u00e0. Essa si occupava di gestire un hospitale, cio\u00e8 un luogo di accoglienza destinato ai poveri, ai malati e ai pellegrini in transito. In questa struttura, oltre al ricovero notturno, venivano garantiti pasti caldi e cure di base, segno di una sensibilit\u00e0 sociale che caratterizzava le comunit\u00e0 religiose dell\u2019epoca. Le spese necessarie al funzionamento dell\u2019ospizio erano sostenute da pi\u00f9 canali: la Comunit\u00e0 cittadina contribuiva in parte, ma non mancavano offerte spontanee, elemosine e generosi lasciti testamentari di privati devoti.<\/p>\n<p>I rapporti tra la confraternita e le istituzioni civili di Comacchio sono ben documentati. A partire dal 1587, diversi atti deliberativi attestano come il consiglio cittadino sostenesse l\u2019idea di costruire una chiesa che fungesse da sede stabile della confraternita, da collocare accanto all\u2019ospizio gi\u00e0 esistente. Questo legame tra la dimensione spirituale e quella assistenziale rispecchia bene la mentalit\u00e0 dell\u2019epoca, in cui la fede e la cura per i bisognosi erano considerati aspetti inseparabili.<\/p>\n<p>La vita della chiesa fu per\u00f2 interrotta alla fine del Settecento, quando i decreti napoleonici del 1798 disposero la soppressione di molte istituzioni religiose, comprese le confraternite e i loro luoghi di culto. L\u2019edificio fu chiuso e gli arredi sacri, per non andare perduti, vennero redistribuiti in altre parrocchie di Comacchio. Da quel momento l\u2019antica chiesa perse il suo ruolo spirituale e fu progressivamente riadattata a usi pi\u00f9 pratici e profani: dapprima come magazzino e successivamente come segheria.<\/p>\n<p>[\/vc_column_text][vc_single_image image=&#8221;612&#8243; img_size=&#8221;full&#8221; alignment=&#8221;center&#8221; css=&#8221;&#8221;][vc_column_text css=&#8221;&#8221;]All\u2019inizio del Novecento, il destino dell\u2019edificio cambi\u00f2 nuovamente. Nel 1919, i proprietari dell\u2019immobile \u2013 le famiglie Zannini e Vicentini \u2013 incaricarono l\u2019architetto Vitale Vitali di elaborare un progetto che trasformasse la vecchia struttura religiosa in un luogo moderno di intrattenimento. Nacque cos\u00ec il cinema-teatro, che per decenni avrebbe rappresentato uno dei punti di riferimento culturali per la comunit\u00e0 comacchiese.<\/p>\n<p>Il passaggio da chiesa a spazio laico, e infine a cinema-teatro, testimonia la capacit\u00e0 degli edifici storici di adattarsi ai bisogni delle epoche. Se nel XV secolo l\u2019edificio era stato pensato per ospitare la preghiera e la solidariet\u00e0 verso i pi\u00f9 fragili, nel XX secolo era diventato il luogo della socialit\u00e0, dello spettacolo e della condivisione di esperienze culturali. Per anni le sale trasformate hanno accolto film, spettacoli e momenti di aggregazione, intrecciando la memoria religiosa con quella laica.<\/p>\n<p>Oggi della chiesa originaria resta soltanto il ricordo. Tuttavia, la stratificazione delle storie legate a questo edificio \u2013 confraternita, ospizio, chiesa, magazzino, cinema rende ancora viva la memoria di un luogo che, nel corso dei secoli, ha sempre saputo adattarsi alle esigenze di Comacchio e della sua comunit\u00e0.[\/vc_column_text][\/vc_column][vc_column width=&#8221;1\/6&#8243;][\/vc_column][\/vc_row][vc_row][vc_column width=&#8221;1\/3&#8243;][vc_single_image image=&#8221;617&#8243; img_size=&#8221;full&#8221; alignment=&#8221;center&#8221; css=&#8221;&#8221;][\/vc_column][vc_column width=&#8221;1\/3&#8243;][vc_single_image image=&#8221;616&#8243; img_size=&#8221;full&#8221; alignment=&#8221;center&#8221; css=&#8221;&#8221;][\/vc_column][vc_column width=&#8221;1\/3&#8243;][vc_single_image image=&#8221;601&#8243; img_size=&#8221;full&#8221; alignment=&#8221;center&#8221; css=&#8221;&#8221;][\/vc_column][\/vc_row][vc_row][vc_column width=&#8221;1\/3&#8243;][vc_single_image image=&#8221;751&#8243; img_size=&#8221;full&#8221; alignment=&#8221;center&#8221; css=&#8221;&#8221;][\/vc_column][vc_column width=&#8221;1\/3&#8243;][vc_single_image image=&#8221;754&#8243; img_size=&#8221;full&#8221; alignment=&#8221;center&#8221; css=&#8221;&#8221;][\/vc_column][vc_column width=&#8221;1\/3&#8243;][vc_single_image image=&#8221;759&#8243; img_size=&#8221;full&#8221; alignment=&#8221;center&#8221; css=&#8221;&#8221;][\/vc_column][\/vc_row][vc_row][vc_column width=&#8221;1\/3&#8243;][vc_single_image image=&#8221;758&#8243; img_size=&#8221;full&#8221; alignment=&#8221;center&#8221; css=&#8221;&#8221;][\/vc_column][vc_column width=&#8221;1\/3&#8243;][vc_single_image image=&#8221;763&#8243; img_size=&#8221;full&#8221; alignment=&#8221;center&#8221; css=&#8221;&#8221;][\/vc_column][vc_column width=&#8221;1\/3&#8243;][vc_single_image image=&#8221;767&#8243; img_size=&#8221;full&#8221; alignment=&#8221;center&#8221; css=&#8221;&#8221;][\/vc_column][\/vc_row][vc_row][vc_column width=&#8221;1\/3&#8243;][vc_single_image image=&#8221;765&#8243; img_size=&#8221;full&#8221; alignment=&#8221;center&#8221; css=&#8221;&#8221;][\/vc_column][vc_column width=&#8221;1\/3&#8243;][vc_single_image image=&#8221;760&#8243; img_size=&#8221;full&#8221; alignment=&#8221;center&#8221; css=&#8221;&#8221;][\/vc_column][vc_column width=&#8221;1\/3&#8243;][vc_single_image image=&#8221;764&#8243; img_size=&#8221;full&#8221; alignment=&#8221;center&#8221; css=&#8221;&#8221;][\/vc_column][\/vc_row]<\/p>\n<\/div>","protected":false},"excerpt":{"rendered":"<p>[vc_row][vc_column width=&#8221;1\/6&#8243;][\/vc_column][vc_column width=&#8221;2\/3&#8243;][vc_column_text css=&#8221;&#8221;]La Chiesa di San Nicol\u00f2 a Comacchio: storia e trasformazioni Le radici della confraternita intitolata a San Nicol\u00f2 si collocano nella seconda met\u00e0 del Quattrocento, in un periodo in cui Comacchio, citt\u00e0 di acque e di scambi, viveva una fase di fervore religioso e sociale. \u00c8 probabile che la confraternita fosse inizialmente<\/p>\n<a href=\"https:\/\/duomoroomcomacchio.it\/it\/la-struttura\/\" class=\"sohohotel-more-link\">Read More<\/a>","protected":false},"author":1,"featured_media":0,"parent":0,"menu_order":0,"comment_status":"closed","ping_status":"closed","template":"","meta":{"footnotes":""},"class_list":["post-596","page","type-page","status-publish","hentry"],"_links":{"self":[{"href":"https:\/\/duomoroomcomacchio.it\/it\/wp-json\/wp\/v2\/pages\/596","targetHints":{"allow":["GET"]}}],"collection":[{"href":"https:\/\/duomoroomcomacchio.it\/it\/wp-json\/wp\/v2\/pages"}],"about":[{"href":"https:\/\/duomoroomcomacchio.it\/it\/wp-json\/wp\/v2\/types\/page"}],"author":[{"embeddable":true,"href":"https:\/\/duomoroomcomacchio.it\/it\/wp-json\/wp\/v2\/users\/1"}],"replies":[{"embeddable":true,"href":"https:\/\/duomoroomcomacchio.it\/it\/wp-json\/wp\/v2\/comments?post=596"}],"version-history":[{"count":9,"href":"https:\/\/duomoroomcomacchio.it\/it\/wp-json\/wp\/v2\/pages\/596\/revisions"}],"predecessor-version":[{"id":770,"href":"https:\/\/duomoroomcomacchio.it\/it\/wp-json\/wp\/v2\/pages\/596\/revisions\/770"}],"wp:attachment":[{"href":"https:\/\/duomoroomcomacchio.it\/it\/wp-json\/wp\/v2\/media?parent=596"}],"curies":[{"name":"wp","href":"https:\/\/api.w.org\/{rel}","templated":true}]}}